{"id":4633,"date":"2026-02-12T13:32:09","date_gmt":"2026-02-12T12:32:09","guid":{"rendered":"https:\/\/barycz.przemyska.pl\/?page_id=4633"},"modified":"2026-02-12T17:27:48","modified_gmt":"2026-02-12T16:27:48","slug":"standardy-ochrony-maloletnich-w-parafii-pw-sw-jozefa-w-baryczy","status":"publish","type":"page","link":"https:\/\/barycz.przemyska.pl\/?page_id=4633","title":{"rendered":"Standardy ochrony ma\u0142oletnich w Parafii pw. \u015bw. J\u00f3zefa w Baryczy"},"content":{"rendered":"\n<h1 class=\"wp-block-heading\"><\/h1>\n\n\n\n<h2 class=\"wp-block-heading\"><\/h2>\n\n\n\n<p><strong>BEZPIECZNE ZASADY KONTAKTU<\/strong><\/p>\n\n\n\n<div class=\"wp-block-group has-global-padding is-layout-constrained wp-container-core-group-is-layout-c748ba87 wp-block-group-is-layout-constrained\" style=\"padding-left:var(--wp--preset--spacing--40)\">\n<p>\u2756 Wybieraj oficjalne, og\u00f3lnodost\u0119pne i przygotowane miejsca do spotka\u0144.<\/p>\n\n\n\n<p>\u2756 Unikaj przebywania z doros\u0142ym w odizolowanych warunkach.<\/p>\n\n\n\n<p>\u2756 Nie przebywaj w parafialnych pomieszczeniach mieszkalnych bez opieki rodzica lub opiekuna prawnego.<\/p>\n\n\n\n<p>\u2756 Pozostawaj zawsze pod opiek\u0105 osoby doros\u0142ej.<\/p>\n\n\n\n<p>\u2756 Nie b\u0105d\u017a pod wy\u0142\u0105czn\u0105 opiek\u0105 innego dziecka.<\/p>\n\n\n\n<p>\u2756 Nie podr\u00f3\u017cuj prywatnymi samochodami bez zgody rodzic\u00f3w lub opiekun\u00f3w.<\/p>\n\n\n\n<p>\u2756 Nie przechod\u017a na \u201ety\u201d z doros\u0142ym.<\/p>\n\n\n\n<p>\u2756 Pami\u0119taj, \u017ce stosowanie przemocy fizycznej i psychicznej wobec Ciebie jest zakazane.<\/p>\n<\/div>\n\n\n\n<p><strong>BEZPIECZNE WYJAZDY I SPOTKANIA<\/strong><\/p>\n\n\n\n<div class=\"wp-block-group has-global-padding is-layout-constrained wp-container-core-group-is-layout-c748ba87 wp-block-group-is-layout-constrained\" style=\"padding-left:var(--wp--preset--spacing--40)\">\n<p>\u2756 Twoi rodzice zawsze musz\u0105 wiedzie\u0107, kiedy b\u0119d\u0105 spotkania.<\/p>\n\n\n\n<p>\u2756 Rodzice musz\u0105 zawsze wyrazi\u0107 pisemn\u0105 zgod\u0119 na Tw\u00f3j udzia\u0142 wycieczce.<\/p>\n\n\n\n<p>\u2756 Twoi rodzice musz\u0105 pozna\u0107 okre\u015blone zasady odbioru i komunikacji elektronicznej.<\/p>\n\n\n\n<p>\u2756 Podczas wyjazdu rodzice lub opiekunowie maj\u0105 prawo do kontaktu z Tob\u0105 lub opiekunem.<\/p>\n<\/div>\n\n\n\n<p><strong>BEZPIECZNY KONTAKT W \u015aRODOWISKU CYFROWYM<\/strong><\/p>\n\n\n\n<div class=\"wp-block-group has-global-padding is-layout-constrained wp-container-core-group-is-layout-c748ba87 wp-block-group-is-layout-constrained\" style=\"padding-left:var(--wp--preset--spacing--40)\">\n<p>\u2756 Pami\u0119taj, \u017ce nie jeste\u015b anonimowy. Uwa\u017caj, co piszesz w Internecie.<\/p>\n\n\n\n<p>\u2756 Doro\u015bli nie powinni wysy\u0142a\u0107 Ci wiadomo\u015bci po godzinie 22:00. Wyj\u0105tkiem jest sytuacja, gdy wiadomo\u015b\u0107 jest wysy\u0142ana do ca\u0142ej grupy i rodzice lub opiekunowie wyrazili na to zgod\u0119.<\/p>\n<\/div>\n\n\n\n<p><strong>PAMI\u0118TAJCE!<\/strong><\/p>\n\n\n\n<div class=\"wp-block-group has-global-padding is-layout-constrained wp-container-core-group-is-layout-c748ba87 wp-block-group-is-layout-constrained\" style=\"padding-left:var(--wp--preset--spacing--40)\">\n<p>\u2756 Bezpiecze\u0144stwo: Zawsze informujcie rodzic\u00f3w lub opiekun\u00f3w, gdzie si\u0119 znajdujecie i co robicie.<\/p>\n\n\n\n<p>\u2756 Szacunek: W ka\u017cdej sytuacji pami\u0119tajcie o szacunku dla siebie nawzajem i dla os\u00f3b starszych.<\/p>\n\n\n\n<p>\u2756&nbsp;Zaufanie: Je\u015bli co\u015b Was niepokoi, zawsze mo\u017cecie porozmawia\u0107 z rodzicami, opiekunami lub duchownym, kt\u00f3remu ufacie.<\/p>\n<\/div>\n\n\n\n<figure class=\"wp-block-image aligncenter size-full\"><a href=\"https:\/\/barycz.przemyska.pl\/wp-content\/uploads\/2026\/02\/maloletni.jpg\"><img loading=\"lazy\" decoding=\"async\" width=\"968\" height=\"683\" src=\"https:\/\/barycz.przemyska.pl\/wp-content\/uploads\/2026\/02\/maloletni.jpg\" alt=\"\" class=\"wp-image-4637\" srcset=\"https:\/\/barycz.przemyska.pl\/wp-content\/uploads\/2026\/02\/maloletni.jpg 968w, https:\/\/barycz.przemyska.pl\/wp-content\/uploads\/2026\/02\/maloletni-300x212.jpg 300w, https:\/\/barycz.przemyska.pl\/wp-content\/uploads\/2026\/02\/maloletni-768x542.jpg 768w\" sizes=\"auto, (max-width: 968px) 100vw, 968px\" \/><\/a><\/figure>\n\n\n\n<h2 class=\"wp-block-heading\"><strong>OSOBY, DO KT\u00d3RYCH ZAWSZE MO\u017bESZ SI\u0118 ZWR\u00d3CI\u0106 W PARAFII O POMOC:<\/strong><\/h2>\n\n\n\n<div class=\"wp-block-group has-global-padding is-layout-constrained wp-container-core-group-is-layout-c748ba87 wp-block-group-is-layout-constrained\" style=\"padding-left:var(--wp--preset--spacing--40)\">\n<p>\u2756&nbsp;&nbsp;&nbsp;&nbsp;&nbsp;&nbsp;&nbsp; osoba zaufania: <\/p>\n\n\n\n<div class=\"wp-block-columns is-style-default is-layout-flex wp-container-core-columns-is-layout-db2af332 wp-block-columns-is-layout-flex\" style=\"border-width:1px;border-top-left-radius:10px;border-top-right-radius:10px;border-bottom-left-radius:10px;border-bottom-right-radius:10px;padding-left:var(--wp--preset--spacing--40)\">\n<div class=\"wp-block-column is-layout-flow wp-block-column-is-layout-flow\" style=\"flex-basis:65%\">\n<p style=\"font-style:normal;font-weight:800\"><strong>Pani Ma\u0142gorzata Bogusz<\/strong><\/p>\n<\/div>\n\n\n\n<div class=\"wp-block-column is-layout-flow wp-block-column-is-layout-flow\" style=\"flex-basis:35%\">\n<p>tel. 663&nbsp;693 265<\/p>\n<\/div>\n<\/div>\n\n\n\n<div class=\"wp-block-columns is-layout-flex wp-container-core-columns-is-layout-db2af332 wp-block-columns-is-layout-flex\" style=\"border-width:1px;border-top-left-radius:10px;border-top-right-radius:10px;border-bottom-left-radius:10px;border-bottom-right-radius:10px;padding-left:var(--wp--preset--spacing--40)\">\n<div class=\"wp-block-column is-layout-flow wp-block-column-is-layout-flow\" style=\"flex-basis:65%\">\n<p style=\"font-style:normal;font-weight:800\"><strong>Pani Halina Jurek<\/strong><\/p>\n<\/div>\n\n\n\n<div class=\"wp-block-column is-layout-flow wp-block-column-is-layout-flow\" style=\"flex-basis:35%\">\n<p>tel. 697 707 542<\/p>\n<\/div>\n<\/div>\n\n\n\n<div class=\"wp-block-columns is-layout-flex wp-container-core-columns-is-layout-db2af332 wp-block-columns-is-layout-flex\" style=\"border-width:1px;border-top-left-radius:10px;border-top-right-radius:10px;border-bottom-left-radius:10px;border-bottom-right-radius:10px;padding-left:var(--wp--preset--spacing--40)\">\n<div class=\"wp-block-column is-layout-flow wp-block-column-is-layout-flow\" style=\"flex-basis:65%\">\n<p style=\"font-style:normal;font-weight:1000\"><strong>Proboszcz ks. Mariusz Pelc<\/strong><\/p>\n<\/div>\n\n\n\n<div class=\"wp-block-column is-layout-flow wp-block-column-is-layout-flow\" style=\"flex-basis:35%\">\n<p>tel. 692 296 965<\/p>\n<\/div>\n<\/div>\n\n\n\n<p>\u2756&nbsp;&nbsp;&nbsp;&nbsp;&nbsp;&nbsp;&nbsp; dyrektor, pedagog i psycholog szkolny;<\/p>\n\n\n\n<p>\u2756&nbsp;&nbsp;&nbsp;&nbsp;&nbsp;&nbsp;&nbsp; wychowawca;<\/p>\n\n\n\n<p>\u2756&nbsp;&nbsp;&nbsp;&nbsp;&nbsp;&nbsp;&nbsp; ka\u017cdy nauczyciel, kt\u00f3rego darzysz zaufaniem.<\/p>\n\n\n\n<p>\u2756&nbsp;&nbsp;&nbsp;&nbsp;&nbsp;&nbsp;&nbsp; ka\u017cdy pracownik parafii, kt\u00f3rego darzysz zaufaniem<\/p>\n<\/div>\n\n\n\n<h2 class=\"wp-block-heading\"><strong>W SYTUACJI ZAGRO\u017bENIA \u017bYCIA LUB ZDROWIA DZWO\u0143:<\/strong><\/h2>\n\n\n\n<p style=\"padding-right:0;padding-left:var(--wp--preset--spacing--40)\">\u2756&nbsp;&nbsp;&nbsp;&nbsp;&nbsp;&nbsp;&nbsp; 112 \u2013 numer alarmowy<\/p>\n\n\n\n<h2 class=\"wp-block-heading\"><strong>Pliki do pobrania<\/strong>:<\/h2>\n\n\n\n<p><strong>\u2756&nbsp;&nbsp;&nbsp;&nbsp;&nbsp;&nbsp;&nbsp; <a href=\"http:\/\/192.168.0.13:9080\/wp-content\/uploads\/2024\/08\/ZASADY-BEZPIECZNYCH-RELACJI-POMIEDZY-MALOLETNIMI.docx\" target=\"_blank\" rel=\"noreferrer noopener\">ZASADY BEZPIECZNYCH RELACJI MI\u0118DZY MA\u0141OLETNIMI<\/a><\/strong><\/p>\n\n\n\n<p><strong>\u2756\u00a0\u00a0\u00a0\u00a0\u00a0\u00a0\u00a0 <a href=\"http:\/\/192.168.0.13:9080\/wp-content\/uploads\/2024\/08\/ZASADY-BEZPIECZNYCH-RELACJI-POMIEDZY-MALOLETNIMI.docx\" target=\"_blank\" rel=\"noreferrer noopener\"><a href=\"http:\/\/192.168.0.13:9080\/wp-content\/uploads\/2024\/08\/STANDARDY-BARYCZ.docx\" target=\"_blank\" rel=\"noreferrer noopener\">STANDARDY OCHRONY MA\u0141OLETNICH W PARAFII BARYCZ<\/a><\/a><\/strong><\/p>\n\n\n\n<p><\/p>\n","protected":false},"excerpt":{"rendered":"<p>BEZPIECZNE ZASADY KONTAKTU \u2756 Wybieraj oficjalne, og\u00f3lnodost\u0119pne i przygotowane miejsca do spotka\u0144. \u2756 Unikaj przebywania z doros\u0142ym w odizolowanych warunkach. \u2756 Nie przebywaj w parafialnych pomieszczeniach mieszkalnych bez opieki rodzica lub opiekuna prawnego. \u2756 Pozostawaj zawsze pod opiek\u0105 osoby doros\u0142ej. \u2756 Nie b\u0105d\u017a pod wy\u0142\u0105czn\u0105 opiek\u0105 innego dziecka. \u2756 Nie podr\u00f3\u017cuj prywatnymi samochodami bez zgody [&hellip;]<\/p>\n","protected":false},"author":4,"featured_media":0,"parent":88,"menu_order":0,"comment_status":"closed","ping_status":"closed","template":"page-no-title","meta":{"footnotes":""},"class_list":["post-4633","page","type-page","status-publish","hentry"],"_links":{"self":[{"href":"https:\/\/barycz.przemyska.pl\/index.php?rest_route=\/wp\/v2\/pages\/4633","targetHints":{"allow":["GET"]}}],"collection":[{"href":"https:\/\/barycz.przemyska.pl\/index.php?rest_route=\/wp\/v2\/pages"}],"about":[{"href":"https:\/\/barycz.przemyska.pl\/index.php?rest_route=\/wp\/v2\/types\/page"}],"author":[{"embeddable":true,"href":"https:\/\/barycz.przemyska.pl\/index.php?rest_route=\/wp\/v2\/users\/4"}],"replies":[{"embeddable":true,"href":"https:\/\/barycz.przemyska.pl\/index.php?rest_route=%2Fwp%2Fv2%2Fcomments&post=4633"}],"version-history":[{"count":26,"href":"https:\/\/barycz.przemyska.pl\/index.php?rest_route=\/wp\/v2\/pages\/4633\/revisions"}],"predecessor-version":[{"id":4677,"href":"https:\/\/barycz.przemyska.pl\/index.php?rest_route=\/wp\/v2\/pages\/4633\/revisions\/4677"}],"up":[{"embeddable":true,"href":"https:\/\/barycz.przemyska.pl\/index.php?rest_route=\/wp\/v2\/pages\/88"}],"wp:attachment":[{"href":"https:\/\/barycz.przemyska.pl\/index.php?rest_route=%2Fwp%2Fv2%2Fmedia&parent=4633"}],"curies":[{"name":"wp","href":"https:\/\/api.w.org\/{rel}","templated":true}]}}