{"id":4939,"date":"2026-04-05T18:36:43","date_gmt":"2026-04-05T16:36:43","guid":{"rendered":"https:\/\/barycz.przemyska.pl\/?page_id=4939"},"modified":"2026-04-05T18:39:41","modified_gmt":"2026-04-05T16:39:41","slug":"parafia","status":"publish","type":"page","link":"https:\/\/barycz.przemyska.pl\/","title":{"rendered":"Parafia"},"content":{"rendered":"\n<p class=\"has-text-align-center is-style-default has-text-color has-link-color has-x-large-font-size wp-elements-1395d78ef826950e8b4845833236c03e\" style=\"color:#733124;margin-top:var(--wp--preset--spacing--20);margin-bottom:var(--wp--preset--spacing--40);font-style:normal;font-weight:800\"><strong>Parafia Rzymskokatolicka <br>Archidiecezji przemyskiej <br>pod wezwaniem \u015awi\u0119tego J\u00f3zefa<\/strong><\/p>\n\n\n\n<figure class=\"wp-block-image size-large\"><img loading=\"lazy\" decoding=\"async\" width=\"1024\" height=\"768\" src=\"https:\/\/barycz.przemyska.pl\/wp-content\/uploads\/2025\/11\/2-1024x768.jpg\" alt=\"\" class=\"wp-image-247\" srcset=\"https:\/\/barycz.przemyska.pl\/wp-content\/uploads\/2025\/11\/2-1024x768.jpg 1024w, https:\/\/barycz.przemyska.pl\/wp-content\/uploads\/2025\/11\/2-300x225.jpg 300w, https:\/\/barycz.przemyska.pl\/wp-content\/uploads\/2025\/11\/2-768x576.jpg 768w, https:\/\/barycz.przemyska.pl\/wp-content\/uploads\/2025\/11\/2-1536x1152.jpg 1536w, https:\/\/barycz.przemyska.pl\/wp-content\/uploads\/2025\/11\/2-2048x1536.jpg 2048w\" sizes=\"auto, (max-width: 1024px) 100vw, 1024px\" \/><\/figure>\n","protected":false},"excerpt":{"rendered":"<p>Parafia Rzymskokatolicka Archidiecezji przemyskiej pod wezwaniem \u015awi\u0119tego J\u00f3zefa<\/p>\n","protected":false},"author":2,"featured_media":0,"parent":0,"menu_order":0,"comment_status":"closed","ping_status":"closed","template":"page-no-title","meta":{"footnotes":""},"class_list":["post-4939","page","type-page","status-publish","hentry"],"_links":{"self":[{"href":"https:\/\/barycz.przemyska.pl\/index.php?rest_route=\/wp\/v2\/pages\/4939","targetHints":{"allow":["GET"]}}],"collection":[{"href":"https:\/\/barycz.przemyska.pl\/index.php?rest_route=\/wp\/v2\/pages"}],"about":[{"href":"https:\/\/barycz.przemyska.pl\/index.php?rest_route=\/wp\/v2\/types\/page"}],"author":[{"embeddable":true,"href":"https:\/\/barycz.przemyska.pl\/index.php?rest_route=\/wp\/v2\/users\/2"}],"replies":[{"embeddable":true,"href":"https:\/\/barycz.przemyska.pl\/index.php?rest_route=%2Fwp%2Fv2%2Fcomments&post=4939"}],"version-history":[{"count":3,"href":"https:\/\/barycz.przemyska.pl\/index.php?rest_route=\/wp\/v2\/pages\/4939\/revisions"}],"predecessor-version":[{"id":4942,"href":"https:\/\/barycz.przemyska.pl\/index.php?rest_route=\/wp\/v2\/pages\/4939\/revisions\/4942"}],"wp:attachment":[{"href":"https:\/\/barycz.przemyska.pl\/index.php?rest_route=%2Fwp%2Fv2%2Fmedia&parent=4939"}],"curies":[{"name":"wp","href":"https:\/\/api.w.org\/{rel}","templated":true}]}}